{"id":12,"date":"2025-09-26T11:05:56","date_gmt":"2025-09-26T11:05:56","guid":{"rendered":"https:\/\/raumwerk-gillner.de\/?page_id=12"},"modified":"2025-10-07T12:12:18","modified_gmt":"2025-10-07T12:12:18","slug":"home","status":"publish","type":"page","link":"https:\/\/raumwerk-gillner.de\/","title":{"rendered":""},"content":{"rendered":"\n<div class=\"wp-block-group alignfull is-style-section-1 has-global-padding is-layout-constrained wp-block-group-is-layout-constrained is-style-section-1--1\" style=\"margin-top:0;margin-bottom:0;padding-top:var(--wp--preset--spacing--80);padding-bottom:var(--wp--preset--spacing--80)\">\n<div class=\"wp-block-columns alignwide is-layout-flex wp-container-core-columns-is-layout-66fad18a wp-block-columns-is-layout-flex\">\n<div class=\"wp-block-column is-layout-flow wp-block-column-is-layout-flow\" style=\"padding-right:var(--wp--preset--spacing--50);flex-basis:45%\">\n<figure class=\"wp-block-image size-full\"><img loading=\"lazy\" decoding=\"async\" width=\"1181\" height=\"1181\" src=\"https:\/\/raumwerk-gillner.de\/wp-content\/uploads\/2025\/10\/Raumwerk_logo_gr.png\" alt=\"\" class=\"wp-image-180\" srcset=\"https:\/\/raumwerk-gillner.de\/wp-content\/uploads\/2025\/10\/Raumwerk_logo_gr.png 1181w, https:\/\/raumwerk-gillner.de\/wp-content\/uploads\/2025\/10\/Raumwerk_logo_gr-300x300.png 300w, https:\/\/raumwerk-gillner.de\/wp-content\/uploads\/2025\/10\/Raumwerk_logo_gr-1024x1024.png 1024w, https:\/\/raumwerk-gillner.de\/wp-content\/uploads\/2025\/10\/Raumwerk_logo_gr-150x150.png 150w, https:\/\/raumwerk-gillner.de\/wp-content\/uploads\/2025\/10\/Raumwerk_logo_gr-768x768.png 768w\" sizes=\"auto, (max-width: 1181px) 100vw, 1181px\" \/><\/figure>\n\n\n\n<div class=\"wp-block-group has-global-padding is-layout-constrained wp-block-group-is-layout-constrained\" style=\"margin-top:-12vw\"><\/div>\n<\/div>\n\n\n\n<div class=\"wp-block-column is-vertically-aligned-center is-layout-flow wp-block-column-is-layout-flow\" style=\"padding-right:0;padding-left:0;flex-basis:50%\">\n<div class=\"wp-block-group is-vertical is-layout-flex wp-container-core-group-is-layout-fe9cc265 wp-block-group-is-layout-flex\">\n<h2 class=\"wp-block-heading is-style-default\">Qualit\u00e4t, die R\u00e4ume gestaltet<\/h2>\n<\/div>\n\n\n\n<p class=\"is-style-text-subtitle has-large-font-size is-style-text-subtitle--2\" style=\"line-height:1.5\">Raumwerk steht f\u00fcr h\u00f6chste Standards, verl\u00e4ssliche Planung und ma\u00dfgeschneiderte L\u00f6sungen. Wir verbinden hochwertige Materialien mit modernen, innovativen Ans\u00e4tzen und schaffen so R\u00e4ume, die nicht nur funktional, sondern auch einzigartig sind. Unsere Kunden profitieren von individueller Beratung, professioneller Projektplanung und einer flexiblen Begleitung von Anfang bis Ende. Dabei setzen wir auf Qualit\u00e4t und Pr\u00e4zision \u2013 bleiben aber stets offen f\u00fcr alternative Ans\u00e4tze und kreative L\u00f6sungen, die perfekt zu Ihren Vorstellungen passen. Ob Neubau, Umbau<br>oder individuelle Gestaltung: Mit Raumwerk erhalten Sie einen Partner, der Ihre Ideen in nachhaltige und stilvolle Ergebnisse verwandelt \u2013 zuverl\u00e4ssig und kundenorientiert.<\/p>\n\n\n\n<p class=\"is-style-text-subtitle is-style-text-subtitle--3\"><\/p>\n<\/div>\n<\/div>\n<\/div>\n\n\n\n<div class=\"wp-block-group alignfull has-global-padding is-layout-constrained wp-block-group-is-layout-constrained\" style=\"margin-top:0;margin-bottom:0;padding-top:var(--wp--preset--spacing--30);padding-bottom:var(--wp--preset--spacing--30)\"><\/div>\n\n\n\n<p><\/p>\n","protected":false},"excerpt":{"rendered":"<p>Qualit\u00e4t, die R\u00e4ume gestaltet Raumwerk steht f\u00fcr h\u00f6chste Standards, verl\u00e4ssliche Planung und ma\u00dfgeschneiderte L\u00f6sungen. Wir verbinden hochwertige Materialien mit modernen, innovativen Ans\u00e4tzen und schaffen so R\u00e4ume, die nicht nur funktional, sondern auch einzigartig sind. Unsere Kunden profitieren von individueller Beratung, professioneller Projektplanung und einer flexiblen Begleitung von Anfang bis Ende. Dabei setzen wir auf Qualit\u00e4t [&hellip;]<\/p>\n","protected":false},"author":1,"featured_media":0,"parent":0,"menu_order":0,"comment_status":"closed","ping_status":"closed","template":"","meta":{"footnotes":""},"class_list":["post-12","page","type-page","status-publish","hentry"],"_links":{"self":[{"href":"https:\/\/raumwerk-gillner.de\/index.php\/wp-json\/wp\/v2\/pages\/12","targetHints":{"allow":["GET"]}}],"collection":[{"href":"https:\/\/raumwerk-gillner.de\/index.php\/wp-json\/wp\/v2\/pages"}],"about":[{"href":"https:\/\/raumwerk-gillner.de\/index.php\/wp-json\/wp\/v2\/types\/page"}],"author":[{"embeddable":true,"href":"https:\/\/raumwerk-gillner.de\/index.php\/wp-json\/wp\/v2\/users\/1"}],"replies":[{"embeddable":true,"href":"https:\/\/raumwerk-gillner.de\/index.php\/wp-json\/wp\/v2\/comments?post=12"}],"version-history":[{"count":52,"href":"https:\/\/raumwerk-gillner.de\/index.php\/wp-json\/wp\/v2\/pages\/12\/revisions"}],"predecessor-version":[{"id":182,"href":"https:\/\/raumwerk-gillner.de\/index.php\/wp-json\/wp\/v2\/pages\/12\/revisions\/182"}],"wp:attachment":[{"href":"https:\/\/raumwerk-gillner.de\/index.php\/wp-json\/wp\/v2\/media?parent=12"}],"curies":[{"name":"wp","href":"https:\/\/api.w.org\/{rel}","templated":true}]}}